{"id":705,"date":"2023-12-18T09:43:56","date_gmt":"2023-12-18T08:43:56","guid":{"rendered":"https:\/\/tessgmbh.com\/?page_id=705"},"modified":"2026-01-13T14:17:01","modified_gmt":"2026-01-13T13:17:01","slug":"impressum","status":"publish","type":"page","link":"https:\/\/tessgmbh.com\/en\/impressum\/","title":{"rendered":"Imprint"},"content":{"rendered":"<div data-elementor-type=\"wp-page\" data-elementor-id=\"705\" class=\"elementor elementor-705\" data-elementor-post-type=\"page\">\n\t\t\t\t<div class=\"elementor-element elementor-element-3ad52b8 e-con-full e-flex e-con e-parent\" data-id=\"3ad52b8\" data-element_type=\"container\" data-settings=\"{&quot;background_background&quot;:&quot;classic&quot;}\">\n\t\t\t\t<div class=\"elementor-element elementor-element-7668705 elementor-widget__width-initial elementor-widget elementor-widget-image\" data-id=\"7668705\" data-element_type=\"widget\" data-widget_type=\"image.default\">\n\t\t\t\t\t\t<div class=\"elementor-widget-container\">\n\t\t\t\t\t\t\t\t\t\t\t\t\t\t\t<img fetchpriority=\"high\" decoding=\"async\" width=\"2220\" height=\"482\" src=\"https:\/\/tessgmbh.com\/wp-content\/uploads\/2023\/12\/logo-white.png\" class=\"attachment-full size-full wp-image-517\" alt=\"\" srcset=\"https:\/\/tessgmbh.com\/wp-content\/uploads\/2023\/12\/logo-white.png 2220w, https:\/\/tessgmbh.com\/wp-content\/uploads\/2023\/12\/logo-white-300x65.png 300w, https:\/\/tessgmbh.com\/wp-content\/uploads\/2023\/12\/logo-white-1024x222.png 1024w, https:\/\/tessgmbh.com\/wp-content\/uploads\/2023\/12\/logo-white-768x167.png 768w, https:\/\/tessgmbh.com\/wp-content\/uploads\/2023\/12\/logo-white-1536x333.png 1536w, https:\/\/tessgmbh.com\/wp-content\/uploads\/2023\/12\/logo-white-2048x445.png 2048w\" sizes=\"(max-width: 2220px) 100vw, 2220px\" \/>\t\t\t\t\t\t\t\t\t\t\t\t\t\t\t<\/div>\n\t\t\t\t<\/div>\n\t\t\t\t<div class=\"elementor-element elementor-element-1c5d10f elementor-widget elementor-widget-heading\" data-id=\"1c5d10f\" data-element_type=\"widget\" data-widget_type=\"heading.default\">\n\t\t\t\t\t\t<div class=\"elementor-widget-container\">\n\t\t\t\t\t<h1 class=\"elementor-heading-title elementor-size-default\">IMPRINT<\/h1>\t\t\t\t<\/div>\n\t\t\t\t<\/div>\n\t\t\t\t<\/div>\n\t\t<div class=\"elementor-element elementor-element-0b37a82 e-flex e-con-boxed e-con e-parent\" data-id=\"0b37a82\" data-element_type=\"container\">\n\t\t\t\t\t<div class=\"e-con-inner\">\n\t\t\t\t<div class=\"elementor-element elementor-element-99ed35e elementor-widget elementor-widget-text-editor\" data-id=\"99ed35e\" data-element_type=\"widget\" data-widget_type=\"text-editor.default\">\n\t\t\t\t\t\t<div class=\"elementor-widget-container\">\n\t\t\t\t\t\t\t\t\t<p><strong>T.ESS GmbH<\/strong><br \/>Jettenhausen 12<br \/>82064 Jettenhausen<\/p><p><strong>Represented by:<\/strong><br \/>Managing Directors: Jan-Philipp Essers and Thomas Essers<\/p><h3>Contact:<\/h3><p><b>Phone:\u00a0<\/b>+49 (0) 89 \/ 673597960<br \/><strong>Telefax:\u00a0<\/strong>+49 (0) 89 \/ 6735979610<strong><br \/><\/strong><strong>E-Mail:\u00a0<\/strong>info@tessmunich.com<\/p><h3>Company Registration:<\/h3><p>Registered in the Commercial Register.<br \/>Registration Court: District Court of Munich<br \/>Registration Number: HBR 84358<\/p><h3>VAT ID:<\/h3><p>VAT Identification Number according to \u00a7 27a German VAT Act: DE 129284474<\/p><h3>Economic Identification Number:<\/h3><p>Economic Identification Number according to \u00a7 139c German Tax Code: DE 143 \/ 185 \/ 80686<\/p><h3>Design &amp; Development<\/h3><p><strong>JustMake Marketing<\/strong><br \/>Ludwigstra\u00dfe 52-54<br \/>84524 Neu\u00f6tting<br \/>Germany<\/p><p><a href=\"tel:+4986719578948\" target=\"_blank\" rel=\"noopener\">+49 (0) 8671 \/ 9578948<\/a><br \/><a href=\"http:\/\/justmake-marketing.de\/\" target=\"_blank\" rel=\"noopener\">justmake-marketing.de<\/a><br \/><a href=\"mailto:info@justmake-marketing.de\" target=\"_blank\" rel=\"noopener\">info@justmake-marketing.de<\/a><\/p><h3>Editorially Responsible:<\/h3><p>Jan-Philipp Essers<\/p><h2>Consumer Dispute Resolution \/ Universal Arbitration Board<\/h2><p>We are neither willing nor obligated to participate in dispute resolution proceedings before a consumer arbitration board.<\/p>\t\t\t\t\t\t\t\t<\/div>\n\t\t\t\t<\/div>\n\t\t\t\t\t<\/div>\n\t\t\t\t<\/div>\n\t\t\t\t<\/div>","protected":false},"excerpt":{"rendered":"<p>IMPRESSUM T.ESS GmbHJettenhausen 1282064 Jettenhausen Vertreten durch:Gesch\u00e4ftsf\u00fchrer Jan-Philipp Essers und Thomas Essers Kontakt Telefon:\u00a0+49 (0) 89 \/ 673597960Telefax:\u00a0+49 (0) 89 \/ 6735979610E-Mail:\u00a0info@tessmunich.com Registereintrag: Eintragung im Handelsregister.Registergericht:Amtsgericht M\u00fcnchenRegisternummer: HBR 84358 Umsatzsteuer-ID Umsatzsteuer-Identifikationsnummer gem\u00e4\u00df \u00a727 a Umsatzsteuergesetz: DE 129284474 Wirtschafts-Identifikationsnummer: Wirtschafts-Identifikationsnummer gem\u00e4\u00df \u00a7139 c Abgabenordnung: DE 143 \/ 185 \/ 80686 Design &amp; Entwicklung JustMake MarketingLudwigstra\u00dfe 52-5484524 [&hellip;]<\/p>","protected":false},"author":2,"featured_media":0,"parent":0,"menu_order":0,"comment_status":"closed","ping_status":"closed","template":"elementor_header_footer","meta":{"ocean_post_layout":"","ocean_both_sidebars_style":"","ocean_both_sidebars_content_width":0,"ocean_both_sidebars_sidebars_width":0,"ocean_sidebar":"","ocean_second_sidebar":"","ocean_disable_margins":"enable","ocean_add_body_class":"","ocean_shortcode_before_top_bar":"","ocean_shortcode_after_top_bar":"","ocean_shortcode_before_header":"","ocean_shortcode_after_header":"","ocean_has_shortcode":"","ocean_shortcode_after_title":"","ocean_shortcode_before_footer_widgets":"","ocean_shortcode_after_footer_widgets":"","ocean_shortcode_before_footer_bottom":"","ocean_shortcode_after_footer_bottom":"","ocean_display_top_bar":"default","ocean_display_header":"default","ocean_header_style":"","ocean_center_header_left_menu":"","ocean_custom_header_template":"","ocean_custom_logo":0,"ocean_custom_retina_logo":0,"ocean_custom_logo_max_width":0,"ocean_custom_logo_tablet_max_width":0,"ocean_custom_logo_mobile_max_width":0,"ocean_custom_logo_max_height":0,"ocean_custom_logo_tablet_max_height":0,"ocean_custom_logo_mobile_max_height":0,"ocean_header_custom_menu":"","ocean_menu_typo_font_family":"","ocean_menu_typo_font_subset":"","ocean_menu_typo_font_size":0,"ocean_menu_typo_font_size_tablet":0,"ocean_menu_typo_font_size_mobile":0,"ocean_menu_typo_font_size_unit":"px","ocean_menu_typo_font_weight":"","ocean_menu_typo_font_weight_tablet":"","ocean_menu_typo_font_weight_mobile":"","ocean_menu_typo_transform":"","ocean_menu_typo_transform_tablet":"","ocean_menu_typo_transform_mobile":"","ocean_menu_typo_line_height":0,"ocean_menu_typo_line_height_tablet":0,"ocean_menu_typo_line_height_mobile":0,"ocean_menu_typo_line_height_unit":"","ocean_menu_typo_spacing":0,"ocean_menu_typo_spacing_tablet":0,"ocean_menu_typo_spacing_mobile":0,"ocean_menu_typo_spacing_unit":"","ocean_menu_link_color":"","ocean_menu_link_color_hover":"","ocean_menu_link_color_active":"","ocean_menu_link_background":"","ocean_menu_link_hover_background":"","ocean_menu_link_active_background":"","ocean_menu_social_links_bg":"","ocean_menu_social_hover_links_bg":"","ocean_menu_social_links_color":"","ocean_menu_social_hover_links_color":"","ocean_disable_title":"default","ocean_disable_heading":"default","ocean_post_title":"","ocean_post_subheading":"","ocean_post_title_style":"","ocean_post_title_background_color":"","ocean_post_title_background":0,"ocean_post_title_bg_image_position":"","ocean_post_title_bg_image_attachment":"","ocean_post_title_bg_image_repeat":"","ocean_post_title_bg_image_size":"","ocean_post_title_height":0,"ocean_post_title_bg_overlay":0.5,"ocean_post_title_bg_overlay_color":"","ocean_disable_breadcrumbs":"default","ocean_breadcrumbs_color":"","ocean_breadcrumbs_separator_color":"","ocean_breadcrumbs_links_color":"","ocean_breadcrumbs_links_hover_color":"","ocean_display_footer_widgets":"default","ocean_display_footer_bottom":"default","ocean_custom_footer_template":"","footnotes":""},"class_list":["post-705","page","type-page","status-publish","hentry","entry"],"_links":{"self":[{"href":"https:\/\/tessgmbh.com\/en\/wp-json\/wp\/v2\/pages\/705","targetHints":{"allow":["GET"]}}],"collection":[{"href":"https:\/\/tessgmbh.com\/en\/wp-json\/wp\/v2\/pages"}],"about":[{"href":"https:\/\/tessgmbh.com\/en\/wp-json\/wp\/v2\/types\/page"}],"author":[{"embeddable":true,"href":"https:\/\/tessgmbh.com\/en\/wp-json\/wp\/v2\/users\/2"}],"replies":[{"embeddable":true,"href":"https:\/\/tessgmbh.com\/en\/wp-json\/wp\/v2\/comments?post=705"}],"version-history":[{"count":3,"href":"https:\/\/tessgmbh.com\/en\/wp-json\/wp\/v2\/pages\/705\/revisions"}],"predecessor-version":[{"id":1183,"href":"https:\/\/tessgmbh.com\/en\/wp-json\/wp\/v2\/pages\/705\/revisions\/1183"}],"wp:attachment":[{"href":"https:\/\/tessgmbh.com\/en\/wp-json\/wp\/v2\/media?parent=705"}],"curies":[{"name":"wp","href":"https:\/\/api.w.org\/{rel}","templated":true}]}}